{"id":2634,"date":"2020-03-06T08:27:24","date_gmt":"2020-03-06T08:27:24","guid":{"rendered":"http:\/\/wpdemo.archiwp.com\/onum\/?page_id=2634"},"modified":"2020-06-30T17:15:38","modified_gmt":"2020-06-30T17:15:38","slug":"cotiza-gratis","status":"publish","type":"page","link":"https:\/\/atiksoluciones.com\/en\/cotiza-gratis\/","title":{"rendered":"Cotiza gratis"},"content":{"rendered":"<div data-elementor-type=\"wp-page\" data-elementor-id=\"2634\" class=\"elementor elementor-2634\" data-elementor-post-type=\"page\">\n\t\t\t\t\t\t<section class=\"elementor-section elementor-top-section elementor-element elementor-element-2c90f42 elementor-section-boxed elementor-section-height-default elementor-section-height-default\" data-id=\"2c90f42\" data-element_type=\"section\">\n\t\t\t\t\t\t<div class=\"elementor-container elementor-column-gap-default\">\n\t\t\t\t\t<div class=\"elementor-column elementor-col-33 elementor-top-column elementor-element elementor-element-3dcb4fc ot-flex-column-vertical\" data-id=\"3dcb4fc\" data-element_type=\"column\">\n\t\t\t<div class=\"elementor-widget-wrap\">\n\t\t\t\t\t\t\t<\/div>\n\t\t<\/div>\n\t\t\t\t<div class=\"elementor-column elementor-col-33 elementor-top-column elementor-element elementor-element-43e0945 ot-flex-column-vertical\" data-id=\"43e0945\" data-element_type=\"column\">\n\t\t\t<div class=\"elementor-widget-wrap elementor-element-populated\">\n\t\t\t\t\t\t<div class=\"elementor-element elementor-element-68d5100 elementor-widget elementor-widget-iheading\" data-id=\"68d5100\" data-element_type=\"widget\" data-widget_type=\"iheading.default\">\n\t\t\t\t<div class=\"elementor-widget-container\">\n\t\t\t\t\t\t\t<div class=\"ot-heading center-align\">\r\n\t\t\t\r\n\t\t\t\t\r\n\r\n\t        \t            <h6 class=\"sub-heading\"><span>OBTENGA UNA CUOTA GRATIS <\/span><\/h6>\r\n\t         \r\n\r\n\t        \t        \t<h2 class=\"main-heading\">Hable con nuestros estrategas digitales<\/h2>\r\n\t        \t    <\/div>\r\n\t    \t\t\t\t<\/div>\n\t\t\t\t<\/div>\n\t\t\t\t<div class=\"elementor-element elementor-element-3c750a2 elementor-widget elementor-widget-text-editor\" data-id=\"3c750a2\" data-element_type=\"widget\" data-widget_type=\"text-editor.default\">\n\t\t\t\t<div class=\"elementor-widget-container\">\n\t\t\t\t\t\t\t\t\tComplete el siguiente formulario para recibir una cotizaci\u00f3n\ngratuita de nuestros servicios de marketing de b\u00fasqueda.\nSeleccione los servicios que le interesan a continuaci\u00f3n y nos\npondremos en contacto con usted lo antes posible.\t\t\t\t\t\t\t\t<\/div>\n\t\t\t\t<\/div>\n\t\t\t\t\t<\/div>\n\t\t<\/div>\n\t\t\t\t<div class=\"elementor-column elementor-col-33 elementor-top-column elementor-element elementor-element-bd0aadd ot-flex-column-vertical\" data-id=\"bd0aadd\" data-element_type=\"column\">\n\t\t\t<div class=\"elementor-widget-wrap\">\n\t\t\t\t\t\t\t<\/div>\n\t\t<\/div>\n\t\t\t\t\t<\/div>\n\t\t<\/section>\n\t\t\t\t<section class=\"elementor-section elementor-top-section elementor-element elementor-element-f94c6cc elementor-section-boxed elementor-section-height-default elementor-section-height-default\" data-id=\"f94c6cc\" data-element_type=\"section\">\n\t\t\t\t\t\t<div class=\"elementor-container elementor-column-gap-default\">\n\t\t\t\t\t<div class=\"elementor-column elementor-col-100 elementor-top-column elementor-element elementor-element-6d3d514 ot-flex-column-vertical\" data-id=\"6d3d514\" data-element_type=\"column\">\n\t\t\t<div class=\"elementor-widget-wrap elementor-element-populated\">\n\t\t\t\t\t\t<div class=\"elementor-element elementor-element-aa60d07 elementor-widget elementor-widget-onum-contact-form-7\" data-id=\"aa60d07\" data-element_type=\"widget\" data-widget_type=\"onum-contact-form-7.default\">\n\t\t\t\t<div class=\"elementor-widget-container\">\n\t\t\t\t\t<div class=\"elementor-shortcode onum-cf7-0\">\n<div class=\"wpcf7 no-js\" id=\"wpcf7-f2637-o1\" lang=\"en-US\" dir=\"ltr\" data-wpcf7-id=\"2637\">\n<div class=\"screen-reader-response\"><p role=\"status\" aria-live=\"polite\" aria-atomic=\"true\"><\/p> <ul><\/ul><\/div>\n<form action=\"\/en\/wp-json\/wp\/v2\/pages\/2634#wpcf7-f2637-o1\" method=\"post\" class=\"wpcf7-form init\" aria-label=\"Contact form\" novalidate=\"novalidate\" data-status=\"init\" data-trp-original-action=\"\/en\/wp-json\/wp\/v2\/pages\/2634#wpcf7-f2637-o1\">\n<div style=\"display: none;\">\n<input type=\"hidden\" name=\"_wpcf7\" value=\"2637\" \/>\n<input type=\"hidden\" name=\"_wpcf7_version\" value=\"6.0.6\" \/>\n<input type=\"hidden\" name=\"_wpcf7_locale\" value=\"en_US\" \/>\n<input type=\"hidden\" name=\"_wpcf7_unit_tag\" value=\"wpcf7-f2637-o1\" \/>\n<input type=\"hidden\" name=\"_wpcf7_container_post\" value=\"0\" \/>\n<input type=\"hidden\" name=\"_wpcf7_posted_data_hash\" value=\"\" \/>\n<\/div>\n<div class=\"faq-form row\">\n\t<p class=\"col-md-6\"><br \/>\n<span class=\"wpcf7-form-control-wrap\" data-name=\"your-website\"><input size=\"40\" maxlength=\"400\" class=\"wpcf7-form-control wpcf7-url wpcf7-validates-as-required wpcf7-text wpcf7-validates-as-url\" aria-required=\"true\" aria-invalid=\"false\" placeholder=\"URL del sitio web *\" value=\"\" type=\"url\" name=\"your-website\" \/><\/span>\n\t<\/p>\n\t<p class=\"col-md-6\"><br \/>\n<span class=\"wpcf7-form-control-wrap\" data-name=\"your-company\"><input size=\"40\" maxlength=\"400\" class=\"wpcf7-form-control wpcf7-text\" aria-invalid=\"false\" placeholder=\"nombre de empresa\" value=\"\" type=\"text\" name=\"your-company\" \/><\/span>\n\t<\/p>\n\t<p class=\"col-md-6\"><br \/>\n<span class=\"wpcf7-form-control-wrap\" data-name=\"first-name\"><input size=\"40\" maxlength=\"400\" class=\"wpcf7-form-control wpcf7-text wpcf7-validates-as-required\" aria-required=\"true\" aria-invalid=\"false\" placeholder=\"Nombre de pila *\" value=\"\" type=\"text\" name=\"first-name\" \/><\/span>\n\t<\/p>\n\t<p class=\"col-md-6\"><br \/>\n<span class=\"wpcf7-form-control-wrap\" data-name=\"last-name\"><input size=\"40\" maxlength=\"400\" class=\"wpcf7-form-control wpcf7-text wpcf7-validates-as-required\" aria-required=\"true\" aria-invalid=\"false\" placeholder=\"Apellido *\" value=\"\" type=\"text\" name=\"last-name\" \/><\/span>\n\t<\/p>\n\t<p class=\"col-md-6\"><br \/>\n<span class=\"wpcf7-form-control-wrap\" data-name=\"your-phone\"><input size=\"40\" maxlength=\"400\" class=\"wpcf7-form-control wpcf7-tel wpcf7-validates-as-required wpcf7-text wpcf7-validates-as-tel\" aria-required=\"true\" aria-invalid=\"false\" placeholder=\"N\u00famero de tel\u00e9fono *\" value=\"\" type=\"tel\" name=\"your-phone\" \/><\/span>\n\t<\/p>\n\t<p class=\"col-md-6\"><br \/>\n<span class=\"wpcf7-form-control-wrap\" data-name=\"your-email\"><input size=\"40\" maxlength=\"400\" class=\"wpcf7-form-control wpcf7-email wpcf7-validates-as-required wpcf7-text wpcf7-validates-as-email\" aria-required=\"true\" aria-invalid=\"false\" placeholder=\"Tu correo electr\u00f3nico *\" value=\"\" type=\"email\" name=\"your-email\" \/><\/span>\n\t<\/p>\n\t<p class=\"col-md-12\"><br \/>\n<label>Motivo para contactar<\/label><br \/>\n<span class=\"wpcf7-form-control-wrap\" data-name=\"your-option\"><span class=\"wpcf7-form-control wpcf7-checkbox wpcf7-validates-as-required\"><span class=\"wpcf7-list-item first\"><label><input type=\"checkbox\" name=\"your-option[]\" value=\"Optimizaci\u00f3n SEO\" \/><span class=\"wpcf7-list-item-label\">Optimizaci\u00f3n SEO<\/span><\/label><\/span><span class=\"wpcf7-list-item\"><label><input type=\"checkbox\" name=\"your-option[]\" value=\"desarrollo web\" \/><span class=\"wpcf7-list-item-label\">desarrollo web<\/span><\/label><\/span><span class=\"wpcf7-list-item\"><label><input type=\"checkbox\" name=\"your-option[]\" value=\"Publicidad PPC\" \/><span class=\"wpcf7-list-item-label\">Publicidad PPC<\/span><\/label><\/span><span class=\"wpcf7-list-item\"><label><input type=\"checkbox\" name=\"your-option[]\" value=\"Marketing de contenidos\" \/><span class=\"wpcf7-list-item-label\">Marketing de contenidos<\/span><\/label><\/span><span class=\"wpcf7-list-item\"><label><input type=\"checkbox\" name=\"your-option[]\" value=\"Mercadeo social\" \/><span class=\"wpcf7-list-item-label\">Mercadeo social<\/span><\/label><\/span><span class=\"wpcf7-list-item last\"><label><input type=\"checkbox\" name=\"your-option[]\" value=\"Desarrollo de aplicaciones\" \/><span class=\"wpcf7-list-item-label\">Desarrollo de aplicaciones<\/span><\/label><\/span><\/span><\/span>\n\t<\/p>\n\t<p class=\"col-md-12\"><br \/>\n<span class=\"wpcf7-form-control-wrap\" data-name=\"your-message\"><textarea cols=\"40\" rows=\"10\" maxlength=\"2000\" class=\"wpcf7-form-control wpcf7-textarea wpcf7-validates-as-required\" aria-required=\"true\" aria-invalid=\"false\" placeholder=\"Tu mensaje\" name=\"your-message\"><\/textarea><\/span>\n\t<\/p>\n\t<p class=\"text-center\"><br \/>\n<button class=\"octf-btn octf-btn-icon octf-btn-primary\">Enviar mensaje<i class=\"flaticon-right-arrow-1\"><\/i><\/button>\n\t<\/p>\n<\/div><div class=\"wpcf7-response-output\" aria-hidden=\"true\"><\/div>\n<input type=\"hidden\" name=\"trp-form-language\" value=\"en\"\/><\/form>\n<\/div>\n<\/div>\t\t\t\t<\/div>\n\t\t\t\t<\/div>\n\t\t\t\t\t<\/div>\n\t\t<\/div>\n\t\t\t\t\t<\/div>\n\t\t<\/section>\n\t\t\t\t<\/div>","protected":false},"excerpt":{"rendered":"<p>OBTENGA UNA CUOTA GRATIS Hable con nuestros estrategas digitales Complete el siguiente formulario para recibir una cotizaci\u00f3n gratuita de nuestros servicios de marketing de b\u00fasqueda. Seleccione los servicios que le interesan a continuaci\u00f3n y nos pondremos en contacto con usted lo antes posible. Motivo para contactar Optimizaci\u00f3n SEOdesarrollo webPublicidad PPCMarketing de contenidosMercadeo socialDesarrollo de aplicaciones [&hellip;]<\/p>","protected":false},"author":1,"featured_media":0,"parent":0,"menu_order":0,"comment_status":"closed","ping_status":"closed","template":"","meta":{"_joinchat":[],"footnotes":""},"class_list":["post-2634","page","type-page","status-publish","hentry"],"yoast_head":"<!-- This site is optimized with the Yoast SEO plugin v25.2 - https:\/\/yoast.com\/wordpress\/plugins\/seo\/ -->\n<title>Cotiza gratis - Atik Soluciones<\/title>\n<meta name=\"robots\" content=\"index, follow, max-snippet:-1, max-image-preview:large, max-video-preview:-1\" \/>\n<link rel=\"canonical\" href=\"https:\/\/atiksoluciones.com\/en\/cotiza-gratis\/\" \/>\n<meta property=\"og:locale\" content=\"en_US\" \/>\n<meta property=\"og:type\" content=\"article\" \/>\n<meta property=\"og:title\" content=\"Cotiza gratis - Atik Soluciones\" \/>\n<meta property=\"og:description\" content=\"OBTENGA UNA CUOTA GRATIS Hable con nuestros estrategas digitales Complete el siguiente formulario para recibir una cotizaci\u00f3n gratuita de nuestros servicios de marketing de b\u00fasqueda. Seleccione los servicios que le interesan a continuaci\u00f3n y nos pondremos en contacto con usted lo antes posible. Motivo para contactar Optimizaci\u00f3n SEOdesarrollo webPublicidad PPCMarketing de contenidosMercadeo socialDesarrollo de aplicaciones [&hellip;]\" \/>\n<meta property=\"og:url\" content=\"https:\/\/atiksoluciones.com\/en\/cotiza-gratis\/\" \/>\n<meta property=\"og:site_name\" content=\"Atik Soluciones\" \/>\n<meta property=\"article:modified_time\" content=\"2020-06-30T17:15:38+00:00\" \/>\n<meta name=\"twitter:card\" content=\"summary_large_image\" \/>\n<script type=\"application\/ld+json\" class=\"yoast-schema-graph\">{\"@context\":\"https:\/\/schema.org\",\"@graph\":[{\"@type\":\"WebPage\",\"@id\":\"https:\/\/atiksoluciones.com\/cotiza-gratis\/\",\"url\":\"https:\/\/atiksoluciones.com\/cotiza-gratis\/\",\"name\":\"Cotiza gratis - Atik Soluciones\",\"isPartOf\":{\"@id\":\"https:\/\/atiksoluciones.com\/#website\"},\"datePublished\":\"2020-03-06T08:27:24+00:00\",\"dateModified\":\"2020-06-30T17:15:38+00:00\",\"breadcrumb\":{\"@id\":\"https:\/\/atiksoluciones.com\/cotiza-gratis\/#breadcrumb\"},\"inLanguage\":\"en-US\",\"potentialAction\":[{\"@type\":\"ReadAction\",\"target\":[\"https:\/\/atiksoluciones.com\/cotiza-gratis\/\"]}]},{\"@type\":\"BreadcrumbList\",\"@id\":\"https:\/\/atiksoluciones.com\/cotiza-gratis\/#breadcrumb\",\"itemListElement\":[{\"@type\":\"ListItem\",\"position\":1,\"name\":\"Home\",\"item\":\"https:\/\/atiksoluciones.com\/\"},{\"@type\":\"ListItem\",\"position\":2,\"name\":\"Cotiza gratis\"}]},{\"@type\":\"WebSite\",\"@id\":\"https:\/\/atiksoluciones.com\/#website\",\"url\":\"https:\/\/atiksoluciones.com\/\",\"name\":\"Atik Soluciones\",\"description\":\"Desarrollo de sistemas Web y Apps a medida. Implementamos tecnolog\u00eda escalable para cualquier modelo de negocio.\",\"publisher\":{\"@id\":\"https:\/\/atiksoluciones.com\/#organization\"},\"potentialAction\":[{\"@type\":\"SearchAction\",\"target\":{\"@type\":\"EntryPoint\",\"urlTemplate\":\"https:\/\/atiksoluciones.com\/?s={search_term_string}\"},\"query-input\":{\"@type\":\"PropertyValueSpecification\",\"valueRequired\":true,\"valueName\":\"search_term_string\"}}],\"inLanguage\":\"en-US\"},{\"@type\":\"Organization\",\"@id\":\"https:\/\/atiksoluciones.com\/#organization\",\"name\":\"Atik Soluciones\",\"url\":\"https:\/\/atiksoluciones.com\/\",\"logo\":{\"@type\":\"ImageObject\",\"inLanguage\":\"en-US\",\"@id\":\"https:\/\/atiksoluciones.com\/#\/schema\/logo\/image\/\",\"url\":\"https:\/\/atiksoluciones.com\/wp-content\/uploads\/2022\/02\/cropped-Atik-Soluciones-90x90-1.png\",\"contentUrl\":\"https:\/\/atiksoluciones.com\/wp-content\/uploads\/2022\/02\/cropped-Atik-Soluciones-90x90-1.png\",\"width\":512,\"height\":512,\"caption\":\"Atik Soluciones\"},\"image\":{\"@id\":\"https:\/\/atiksoluciones.com\/#\/schema\/logo\/image\/\"}}]}<\/script>\n<!-- \/ Yoast SEO plugin. -->","yoast_head_json":{"title":"Cotiza gratis - Atik Soluciones","robots":{"index":"index","follow":"follow","max-snippet":"max-snippet:-1","max-image-preview":"max-image-preview:large","max-video-preview":"max-video-preview:-1"},"canonical":"https:\/\/atiksoluciones.com\/en\/cotiza-gratis\/","og_locale":"en_US","og_type":"article","og_title":"Cotiza gratis - Atik Soluciones","og_description":"OBTENGA UNA CUOTA GRATIS Hable con nuestros estrategas digitales Complete el siguiente formulario para recibir una cotizaci\u00f3n gratuita de nuestros servicios de marketing de b\u00fasqueda. Seleccione los servicios que le interesan a continuaci\u00f3n y nos pondremos en contacto con usted lo antes posible. Motivo para contactar Optimizaci\u00f3n SEOdesarrollo webPublicidad PPCMarketing de contenidosMercadeo socialDesarrollo de aplicaciones [&hellip;]","og_url":"https:\/\/atiksoluciones.com\/en\/cotiza-gratis\/","og_site_name":"Atik Soluciones","article_modified_time":"2020-06-30T17:15:38+00:00","twitter_card":"summary_large_image","schema":{"@context":"https:\/\/schema.org","@graph":[{"@type":"WebPage","@id":"https:\/\/atiksoluciones.com\/cotiza-gratis\/","url":"https:\/\/atiksoluciones.com\/cotiza-gratis\/","name":"Cotiza gratis - Atik Soluciones","isPartOf":{"@id":"https:\/\/atiksoluciones.com\/#website"},"datePublished":"2020-03-06T08:27:24+00:00","dateModified":"2020-06-30T17:15:38+00:00","breadcrumb":{"@id":"https:\/\/atiksoluciones.com\/cotiza-gratis\/#breadcrumb"},"inLanguage":"en-US","potentialAction":[{"@type":"ReadAction","target":["https:\/\/atiksoluciones.com\/cotiza-gratis\/"]}]},{"@type":"BreadcrumbList","@id":"https:\/\/atiksoluciones.com\/cotiza-gratis\/#breadcrumb","itemListElement":[{"@type":"ListItem","position":1,"name":"Home","item":"https:\/\/atiksoluciones.com\/"},{"@type":"ListItem","position":2,"name":"Cotiza gratis"}]},{"@type":"WebSite","@id":"https:\/\/atiksoluciones.com\/#website","url":"https:\/\/atiksoluciones.com\/","name":"Atik Soluciones","description":"Desarrollo de sistemas Web y Apps a medida. Implementamos tecnolog\u00eda escalable para cualquier modelo de negocio.","publisher":{"@id":"https:\/\/atiksoluciones.com\/#organization"},"potentialAction":[{"@type":"SearchAction","target":{"@type":"EntryPoint","urlTemplate":"https:\/\/atiksoluciones.com\/?s={search_term_string}"},"query-input":{"@type":"PropertyValueSpecification","valueRequired":true,"valueName":"search_term_string"}}],"inLanguage":"en-US"},{"@type":"Organization","@id":"https:\/\/atiksoluciones.com\/#organization","name":"Atik Soluciones","url":"https:\/\/atiksoluciones.com\/","logo":{"@type":"ImageObject","inLanguage":"en-US","@id":"https:\/\/atiksoluciones.com\/#\/schema\/logo\/image\/","url":"https:\/\/atiksoluciones.com\/wp-content\/uploads\/2022\/02\/cropped-Atik-Soluciones-90x90-1.png","contentUrl":"https:\/\/atiksoluciones.com\/wp-content\/uploads\/2022\/02\/cropped-Atik-Soluciones-90x90-1.png","width":512,"height":512,"caption":"Atik Soluciones"},"image":{"@id":"https:\/\/atiksoluciones.com\/#\/schema\/logo\/image\/"}}]}},"_links":{"self":[{"href":"https:\/\/atiksoluciones.com\/en\/wp-json\/wp\/v2\/pages\/2634","targetHints":{"allow":["GET"]}}],"collection":[{"href":"https:\/\/atiksoluciones.com\/en\/wp-json\/wp\/v2\/pages"}],"about":[{"href":"https:\/\/atiksoluciones.com\/en\/wp-json\/wp\/v2\/types\/page"}],"author":[{"embeddable":true,"href":"https:\/\/atiksoluciones.com\/en\/wp-json\/wp\/v2\/users\/1"}],"replies":[{"embeddable":true,"href":"https:\/\/atiksoluciones.com\/en\/wp-json\/wp\/v2\/comments?post=2634"}],"version-history":[{"count":2,"href":"https:\/\/atiksoluciones.com\/en\/wp-json\/wp\/v2\/pages\/2634\/revisions"}],"predecessor-version":[{"id":3351,"href":"https:\/\/atiksoluciones.com\/en\/wp-json\/wp\/v2\/pages\/2634\/revisions\/3351"}],"wp:attachment":[{"href":"https:\/\/atiksoluciones.com\/en\/wp-json\/wp\/v2\/media?parent=2634"}],"curies":[{"name":"wp","href":"https:\/\/api.w.org\/{rel}","templated":true}]}}